{"id":207,"date":"2024-02-08T13:20:00","date_gmt":"2024-02-08T12:20:00","guid":{"rendered":"https:\/\/spanhola.es\/?page_id=207"},"modified":"2024-02-08T13:36:27","modified_gmt":"2024-02-08T12:36:27","slug":"especial-carrera-de-san-anton","status":"publish","type":"page","link":"https:\/\/spanhola.es\/en\/especial-carrera-de-san-anton\/","title":{"rendered":"Especial Carrera de San Ant\u00f3n"},"content":{"rendered":"<figure class=\"wp-block-embed is-type-video is-provider-spotify wp-block-embed-spotify wp-embed-aspect-16-9 wp-has-aspect-ratio\"><div class=\"wp-block-embed__wrapper\">\n<iframe title=\"Spotify Embed: Especial Carrera de San Ant\u00f3n\" style=\"border-radius: 12px\" width=\"624\" height=\"351\" frameborder=\"0\" allowfullscreen allow=\"autoplay; clipboard-write; encrypted-media; fullscreen; picture-in-picture\" loading=\"lazy\" src=\"https:\/\/open.spotify.com\/embed\/episode\/6HidnewQoxqHKo8ZHfeiH5\/video?si=a_DZ8JaOQ1-pyR271qUd-w&#038;utm_source=oembed\"><\/iframe>\n<\/div><\/figure>\n\n\n\n<p>En este episodio te hablo de una de las carreras m\u00e1s bonitas de Espa\u00f1a. La carrera nocturna de San Ant\u00f3n en Ja\u00e9n , tambi\u00e9n conocida como la carrera de las antorchas.<\/p>\n\n\n\n<p>Se celebra en Enero, el d\u00eda de San Ant\u00f3n (santo al que se le hace homenaje con esta carrera) es el d\u00eda 17, y normalmente, la carrera es el s\u00e1bado anterior por la noche.<\/p>\n\n\n\n<p>Y como siempre digo, la mejor forma que hay de disfrutar de una carrera es conectando con otros corredores y con las personas del lugar en el que se celebra. <\/p>\n\n\n\n<p>\u00a1An\u00edmate a aprender espa\u00f1ol para disfrutar completamente de la experiencia!<\/p>\n\n\n\n<p>Espero que te guste tanto como a m\u00ed.<\/p>\n\n\n\n<p>Si tienes alguna duda, an\u00e9cdota para el podcast o quieres contarme algo puedes escribir a:<\/p>\n\n\n\n<p>beatriz@spanhola.es<\/p>\n\n\n\n<p>Si quieres la \u00abgu\u00eda de espa\u00f1ol para carreras\u00bb la puedes descargar gratis aqu\u00ed:<\/p>\n\n\n\n                <div class=\"ml-embedded\" data-form=\"uuYzCz\"><\/div>","protected":false},"excerpt":{"rendered":"<p>En este episodio te hablo de una de las carreras m\u00e1s bonitas de Espa\u00f1a. La carrera nocturna de San Ant\u00f3n en Ja\u00e9n , tambi\u00e9n conocida como la carrera de las antorchas. Se celebra en Enero, el d\u00eda de San Ant\u00f3n (santo al que se le hace homenaje con esta carrera) es el d\u00eda 17, y &#8230; <a title=\"Especial Carrera de San Ant\u00f3n\" class=\"read-more\" href=\"https:\/\/spanhola.es\/en\/especial-carrera-de-san-anton\/\" aria-label=\"Read more about Especial Carrera de San Ant\u00f3n\">Read more<\/a><\/p>","protected":false},"author":1,"featured_media":0,"parent":0,"menu_order":0,"comment_status":"closed","ping_status":"closed","template":"","meta":{"footnotes":""},"class_list":["post-207","page","type-page","status-publish"],"_links":{"self":[{"href":"https:\/\/spanhola.es\/en\/wp-json\/wp\/v2\/pages\/207","targetHints":{"allow":["GET"]}}],"collection":[{"href":"https:\/\/spanhola.es\/en\/wp-json\/wp\/v2\/pages"}],"about":[{"href":"https:\/\/spanhola.es\/en\/wp-json\/wp\/v2\/types\/page"}],"author":[{"embeddable":true,"href":"https:\/\/spanhola.es\/en\/wp-json\/wp\/v2\/users\/1"}],"replies":[{"embeddable":true,"href":"https:\/\/spanhola.es\/en\/wp-json\/wp\/v2\/comments?post=207"}],"version-history":[{"count":3,"href":"https:\/\/spanhola.es\/en\/wp-json\/wp\/v2\/pages\/207\/revisions"}],"predecessor-version":[{"id":214,"href":"https:\/\/spanhola.es\/en\/wp-json\/wp\/v2\/pages\/207\/revisions\/214"}],"wp:attachment":[{"href":"https:\/\/spanhola.es\/en\/wp-json\/wp\/v2\/media?parent=207"}],"curies":[{"name":"wp","href":"https:\/\/api.w.org\/{rel}","templated":true}]}}