{"id":308,"date":"2025-07-15T10:41:18","date_gmt":"2025-07-15T09:41:18","guid":{"rendered":"https:\/\/spanhola.es\/?page_id=308"},"modified":"2025-10-27T18:05:13","modified_gmt":"2025-10-27T17:05:13","slug":"programa-chat-de-audio","status":"publish","type":"page","link":"https:\/\/spanhola.es\/en\/","title":{"rendered":"Programa chat de audio"},"content":{"rendered":"<figure class=\"wp-block-image size-full is-resized is-style-default\"><img loading=\"lazy\" decoding=\"async\" width=\"2000\" height=\"1600\" src=\"https:\/\/spanhola.es\/wp-content\/uploads\/Texto-del-parrafo.png\" alt=\"- Si vamos el a\u00f1o que viene a Espa\u00f1a para hacer el Camino, necesitar\u00e9 aprender Espa\u00f1ol.- Con Duolingo y viendo series en espa\u00f1ol, aprender\u00e1s suficiente.- \u00a1Est\u00e1s loco! Eso es imposible, no puedo aprender un idioma as\u00ed. Y te lo voy a demostrar.\" class=\"wp-image-339\" style=\"width:603px;height:auto\" srcset=\"https:\/\/spanhola.es\/wp-content\/uploads\/Texto-del-parrafo.png 2000w, https:\/\/spanhola.es\/wp-content\/uploads\/Texto-del-parrafo-300x240.png 300w, https:\/\/spanhola.es\/wp-content\/uploads\/Texto-del-parrafo-1024x819.png 1024w, https:\/\/spanhola.es\/wp-content\/uploads\/Texto-del-parrafo-768x614.png 768w, https:\/\/spanhola.es\/wp-content\/uploads\/Texto-del-parrafo-1536x1229.png 1536w, https:\/\/spanhola.es\/wp-content\/uploads\/Texto-del-parrafo-15x12.png 15w\" sizes=\"auto, (max-width: 2000px) 100vw, 2000px\" \/><\/figure>\n\n\n\n<p>Se lo tom\u00f3 muy en serio: usaba Duolingo todos los d\u00edas, ve\u00eda todas las series en espa\u00f1ol,<br>incluso si no eran espa\u00f1olas, las ve\u00eda dobladas.<\/p>\n\n\n\n<p>Paraba para buscar palabras, tomaba apuntes\u2026.<\/p>\n\n\n\n<p>A veces no encontraba algo en el diccionario,<br>pero muchas veces pod\u00eda imaginar el significado por el contexto.<\/p>\n\n\n\n<p>Aprendi\u00f3 much\u00edsimo, entend\u00eda casi todo.<\/p>\n\n\n\n<p>Incluso hizo una prueba de nivel online y dec\u00eda que era B2.<\/p>\n\n\n\n<p>Pero hablar\u2026<\/p>\n\n\n\n<p>&#8230;<\/p>\n\n\n\n<p><br>No pod\u00eda decir una frase completa.<\/p>\n\n\n\n<p>En una conversaci\u00f3n entend\u00eda todo, pero nunca hab\u00eda practicado eso de:<br>&#8211; escuchar,<br>&#8211; entender,<br>&#8211; reaccionar,<br>&#8211; decidir lo que vas a decir<br>&#8211; y decirlo<\/p>\n\n\n\n<p>El cerebro tiene que hacer muchas cosas en muy poco tiempo y si no lo practicas, <\/p>\n\n\n\n<p>es mucho m\u00e1s dif\u00edcil.<\/p>\n\n\n\n<p>Aprender solo un idioma es algo muy c\u00f3modo:<br>no hay errores,<br>nadie te dice que has hecho algo mal,<br>ves series que te gustan,<br>y juegas con un b\u00faho a decir frases que nunca vas a usar\u2026<\/p>\n\n\n\n<p>Pero en alg\u00fan momento tienes que salir de tu zona de confort,<br>empezar a hablar,<br>equivocarte<br>y ver caras raras cuando alguien no te entiende\u2026<\/p>\n\n\n\n<p class=\"has-medium-font-size\" style=\"font-style:normal;font-weight:700\">Eso da mucho miedo, y es muy duro al principio<\/p>\n\n\n\n<p>Por eso, te propongo un paso intermedio.<\/p>\n\n\n\n<p>Un espacio donde puedes hablar y responder preguntas,<br>pero tambi\u00e9n puedes pensar antes y preparar lo que quieres decir,<br>sin presi\u00f3n.<\/p>\n\n\n\n<p>Incluso puedes repetirlo varias veces,<br>hasta que te sientas seguro.<\/p>\n\n\n\n<p>Te invito a probarlo GRATIS durante una semana.<\/p>\n\n\n\n<p>Y pasar del \u201centiendo todo\u201d al \u201cpor fin puedo decir lo que quiero\u201d.<\/p>\n\n\n\n<p>(Es una historia real)<\/p>\n\n\n\n<p>\u00bfEl final?<\/p>\n\n\n\n<ul class=\"wp-block-list\">\n<li>Pues s\u00ed, hicieron el Camino.<\/li>\n\n\n\n<li>Sobrevivieron al apag\u00f3n* sin Google Translator <\/li>\n\n\n\n<li>Consiguieron mejor mesa en un restaurante por hablar espa\u00f1ol.<\/li>\n\n\n\n<li>Y en los albergues, todo eran sonrisas y trato VIP.<\/li>\n<\/ul>\n\n\n\n<p>Resulta que hablar espa\u00f1ol abre m\u00e1s puertas que&nbsp;Duolingo.&nbsp;\ud83d\ude09<\/p>\n\n\n\n<p><\/p>\n\n\n\n<p class=\"has-small-font-size\">*(el 28 de abril de 2025 hubo un apag\u00f3n el\u00e9ctrico en la pen\u00ednsula ib\u00e9rica que en algunas zonas dur\u00f3 hasta 24 horas)<\/p>\n\n\n\n<div class=\"wp-block-buttons is-horizontal is-content-justification-center is-layout-flex wp-container-core-buttons-is-layout-499968f5 wp-block-buttons-is-layout-flex\">\n<div class=\"wp-block-button has-custom-width wp-block-button__width-75 is-style-fill\"><a class=\"wp-block-button__link has-f-97000-color has-global-color-10-background-color has-text-color has-background has-custom-font-size wp-element-button\" href=\"https:\/\/buy.stripe.com\/dRm4gzccj4px1Wr68FeEo08\" style=\"border-radius:100px;font-size:50px\"><strong>\u00a1Me apunto!<\/strong><\/a><\/div>\n<\/div>\n\n\n\n<p><\/p>\n\n\n\n<p class=\"has-text-align-center has-x-large-font-size\"><strong><em>No tienes tiempo para clases de espa\u00f1ol porque tu horario es complicado y <strong><em>tienes que estar reprogramando constantemente&#8230;<\/em><\/strong> <\/em><\/strong><\/p>\n\n\n\n<ul class=\"wp-block-list\">\n<li>Adem\u00e1s, cuando por fin puedes asistir a clase sientes verg\u00fcenza porque no has trabajado nada y no has podido hacer la tarea.&nbsp;<\/li>\n<\/ul>\n\n\n\n<ul class=\"wp-block-list\">\n<li>Est\u00e1s frustrado porque sientes que no avanzas,<\/li>\n<\/ul>\n\n\n\n<p class=\"has-medium-font-size\">Indeed!<\/p>\n\n\n\n<p style=\"font-size:30px\">\u00bfC\u00f3mo vas a avanzar si s\u00f3lo le dedicas una hora a la semana? <\/p>\n\n\n\n<p style=\"font-size:30px\">(a veces incluso menos)&nbsp;<\/p>\n\n\n\n<p class=\"has-medium-font-size\">Y ni siquiera esa hora est\u00e1s al 100%<\/p>\n\n\n\n<p><\/p>\n\n\n\n<h2 class=\"wp-block-heading has-text-align-center\"><strong><em>\u00bfY si te digo que puedes aprender de otra forma y dejar de sentirte culpable por no llegar a todo?<\/em><\/strong><\/h2>\n\n\n\n<p><\/p>\n\n\n\n<p>Puedes aprender de una forma que <strong>se adapta a ti<\/strong>, en la que no hace falta estar a una hora concreta si no que puedes utilizar cualquier peque\u00f1o momento libre para practicar espa\u00f1ol:<\/p>\n\n\n\n<ul class=\"wp-block-list\">\n<li>cuando aparcas el coche<\/li>\n\n\n\n<li>esperando a un cliente<\/li>\n\n\n\n<li>viajando en transporte p\u00fablico<\/li>\n\n\n\n<li>mientras esperas tu caf\u00e9<\/li>\n<\/ul>\n\n\n\n<p>A diferencia de las clases una vez a la semana, al hacer peque\u00f1as pr\u00e1cticas todos los d\u00edas, el aprendizaje es mucho m\u00e1s efectivo, as\u00ed dejar\u00e1s de frustrarte y tu progreso te motivar\u00e1 a\u00fan m\u00e1s.<\/p>\n\n\n\n<p><\/p>\n\n\n\n<h2 class=\"wp-block-heading has-text-align-center\"><strong>Con mi programa<\/strong>:<\/h2>\n\n\n\n<ul class=\"wp-block-list\">\n<li>Hablar\u00e1s con m\u00e1s<strong> confianza<\/strong> en situaciones reales<\/li>\n\n\n\n<li>Mejorar\u00e1s tu <strong>pronunciaci\u00f3n y fluidez<\/strong><\/li>\n\n\n\n<li><strong>Corregir\u00e1s errores <\/strong>que no sab\u00edas que ten\u00edas<\/li>\n\n\n\n<li>Ver\u00e1s tus <strong>avances<\/strong><\/li>\n\n\n\n<li>Aprender\u00e1s a <strong>pensar en espa\u00f1ol <\/strong>durante el d\u00eda, sin buscar el \u00abmomento perfecto\u00bb<\/li>\n\n\n\n<li>Practicar\u00e1s de forma<strong> realista y constante<\/strong>, sin depender de una clase en directo<\/li>\n<\/ul>\n\n\n\n<p><\/p>\n\n\n\n<h2 class=\"wp-block-heading has-text-align-center\"><strong>\u00bfC\u00f3mo funciona?<\/strong><\/h2>\n\n\n\n<ol class=\"wp-block-list\">\n<li><strong>Recibes un cuaderno de trabajo<\/strong> con instrucciones, espacio para tomar notas, y el acceso al canal privado de Telegram.<br><\/li>\n\n\n\n<li>Cada semana trabajas <strong>2 ejercicios de audio<\/strong>, centrados en un <strong>tema de conversaci\u00f3n pr\u00e1ctico<\/strong> (por ejemplo: viajes, relaciones, decisiones, futuro&#8230;).<br>\n<ul class=\"wp-block-list\">\n<li>Por cada ejercicio:\n<ul class=\"wp-block-list\">\n<li>Hay una pregunta y un audio con mi respuesta como ejemplo.<\/li>\n\n\n\n<li>Durante dos d\u00edas piensas tu propia respuesta y la grabas (puedes intentarlo varias veces y enviar la que m\u00e1s te guste \ud83d\ude09) <strong>*<\/strong><\/li>\n\n\n\n<li>Me env\u00edas tu audio por Telegram<\/li>\n\n\n\n<li>En menos de 24h recibes <strong>mi feedback personalizado<\/strong> con correcciones, consejos y sugerencias<\/li>\n\n\n\n<li>Grabas una segunda versi\u00f3n, aplicando las mejoras<br><\/li>\n<\/ul>\n<\/li>\n<\/ul>\n<\/li>\n\n\n\n<li>Al final del programa, hacemos una <strong>clase en directo<\/strong> para cerrar el trabajo, resolver dudas y darte feedback final.<\/li>\n<\/ol>\n\n\n\n<p class=\"has-small-font-size\"><strong>* <\/strong> Intentarlo varias veces, no es solo para elegir la mejor\u2026 al escuchar tus grabaciones, ves errores que no sab\u00edas que ten\u00edas, antes de enviar la grabaci\u00f3n ya est\u00e1s mejorando.<\/p>\n\n\n\n<div class=\"wp-block-buttons is-horizontal is-content-justification-center is-layout-flex wp-container-core-buttons-is-layout-499968f5 wp-block-buttons-is-layout-flex\">\n<div class=\"wp-block-button has-custom-width wp-block-button__width-75 is-style-fill\"><a class=\"wp-block-button__link has-f-97000-color has-global-color-10-background-color has-text-color has-background has-custom-font-size wp-element-button\" href=\"https:\/\/buy.stripe.com\/dRm4gzccj4px1Wr68FeEo08\" style=\"border-radius:100px;font-size:50px\"><strong>\u00a1Me apunto!<\/strong><\/a><\/div>\n<\/div>\n\n\n\n<h2 class=\"wp-block-heading has-text-align-center\"><strong><em>\u00bfPor qu\u00e9 funciona tan bien?<\/em><\/strong><\/h2>\n\n\n\n<p>Porque t\u00fa est\u00e1s en el centro.<\/p>\n\n\n\n<p>Aqu\u00ed <strong>t\u00fa haces el trabajo<\/strong>, yo te acompa\u00f1o.<\/p>\n\n\n\n<p>No se trata de \u00abasistir a clase\u00bb, se trata de <strong>practicar todos los d\u00edas<\/strong>, un poco, pero bien.<\/p>\n\n\n\n<ul class=\"wp-block-list\">\n<li>En las clases 1:1 muchas veces el \u00fanico momento de pr\u00e1ctica es la propia clase.<\/li>\n\n\n\n<li>Aqu\u00ed no puedes esconderte detr\u00e1s de una excusa: t\u00fa decides cu\u00e1ndo y c\u00f3mo, pero <strong>haces el trabajo<\/strong>.<\/li>\n<\/ul>\n\n\n\n<p>Y el resultado se nota: <strong>m\u00e1s soltura, m\u00e1s seguridad, m\u00e1s claridad.<\/strong><\/p>\n\n\n\n<hr class=\"wp-block-separator has-alpha-channel-opacity\"\/>\n\n\n\n<pre class=\"wp-block-verse has-text-align-center\" style=\"font-size:29px\"><strong><em>Para aprender una habilidad (como un idioma) hace falta <strong>tiempo y pr\u00e1ctica<\/strong>, por eso las pr\u00e1cticas breves y consistentes son la clave del progreso real.<\/em><\/strong><\/pre>\n\n\n\n<p>\u2192 Aqu\u00ed es donde entra el <strong>microaprendizaje<\/strong>: una metodolog\u00eda que se basa en lecciones cortas, de menos de 5 minutos, enfocadas en objetivos concretos.&nbsp;<\/p>\n\n\n\n<p>Esta t\u00e9cnica permite <strong>procesar la informaci\u00f3n de forma m\u00e1s eficiente<\/strong> y <strong>mantener la atenci\u00f3n <\/strong>durante todo el proceso.<\/p>\n\n\n\n<ul class=\"wp-block-list\">\n<li>reduce la sobrecarga: poca cantidad de informaci\u00f3n cada vez.<\/li>\n\n\n\n<li>favorece la retenci\u00f3n: ya que el contenido est\u00e1 enfocado a aplicarse inmediatamente.<\/li>\n\n\n\n<li>aumenta la motivaci\u00f3n: terminar tareas breves provoca una sensaci\u00f3n de logro y progreso.<\/li>\n\n\n\n<li>se adapta a la vida diaria: y facilita la consistencia.<\/li>\n<\/ul>\n\n\n\n<p>La pr\u00e1ctica breve pero frecuente ayuda a fijar estructuras, ampliar vocabulario y mejorar la comprensi\u00f3n sin necesidad de estudiar durante horas.<\/p>\n\n\n\n<p>Este programa te ofrece actividades peque\u00f1as e interesantes que puedes hacer en cualquier momento.<\/p>\n\n\n\n<pre class=\"wp-block-verse has-text-align-center\" style=\"font-size:29px\"><strong><em>Precisamente por eso te descubres pensando en el tema \ncuando tu mente est\u00e1 libre, \nas\u00ed aseguramos una pr\u00e1ctica constante.<\/em><\/strong><\/pre>\n\n\n\n<p>\u2192 En el otro lado est\u00e1 la <strong>repetici\u00f3n:&nbsp;<\/strong><\/p>\n\n\n\n<p>La repetici\u00f3n mejora la retenci\u00f3n de conocimientos y tambi\u00e9n es crucial a la hora de desarrollar la fluidez y la confianza al hablar.<\/p>\n\n\n\n<p>A trav\u00e9s de la repetici\u00f3n mejoras la pronunciaci\u00f3n, aumentas la velocidad y desarrollas la capacidad de comunicarte de manera m\u00e1s efectiva.<\/p>\n\n\n\n<p>La repetici\u00f3n es muy poderosa, pero s\u00f3lo cuando la haces con prop\u00f3sito.&nbsp;<\/p>\n\n\n\n<p>La repetici\u00f3n debe ser <strong>significativa<\/strong>, cambiando frases y contextos para mantener la atenci\u00f3n.<\/p>\n\n\n\n<p>Utilizar una palabra en diferentes situaciones o estructuras ayuda a comprenderla y aplicar lo aprendido a la vida real.<\/p>\n\n\n\n<p>Por eso este programa es tan efectivo:<\/p>\n\n\n\n<ul class=\"wp-block-list\">\n<li><strong>grabas <\/strong>lo que quieres de decir<\/li>\n\n\n\n<li>lo <strong>escuchas <\/strong>y descubres errores que no sab\u00edas que ten\u00edas<\/li>\n\n\n\n<li><strong>repites <\/strong>la grabaci\u00f3n <\/li>\n\n\n\n<li>recibes mi <strong>feedback&nbsp;<\/strong><\/li>\n\n\n\n<li>y haces otra grabaci\u00f3n, con varios intentos tambi\u00e9n si quieres<\/li>\n<\/ul>\n\n\n\n<p>Todas estas son repeticiones diferentes, que no son aburridas ni pesadas, y que te ayudan a adquirir el vocabulario y las estructuras al repetirlas de manera variada.<\/p>\n\n\n\n<h2 class=\"wp-block-heading has-text-align-center\"><strong>Preguntas frecuentes<\/strong><\/h2>\n\n\n\n<p><strong>\u00bfNecesito un nivel m\u00ednimo?<br><\/strong> <strong>S\u00ed<\/strong>. Este programa es para estudiantes a partir de nivel <strong>A2<\/strong>. No es para principiantes.<\/p>\n\n\n\n<p><strong>\u00bfCu\u00e1nto tiempo necesito?<\/strong><strong><br><\/strong> Entre 10 y 15 minutos al d\u00eda. Puedes organizarte como quieras, lo importante es ser constante.<\/p>\n\n\n\n<p><strong>\u00bfIncluye clases en directo?<\/strong><strong><br><\/strong> Solo una, al final del programa, para resolver dudas y darte feedback final.<\/p>\n\n\n\n<p><strong>\u00bfPuedo repetir los ejercicios?<\/strong><strong><br><\/strong> Claro. De hecho, <strong>repetir y regrabar<\/strong> es parte del proceso. As\u00ed consolidar\u00e1s lo aprendido.<\/p>\n\n\n\n<p><strong>\u00bfPuedo combinar este programa con clases individuales?<br><\/strong> S\u00ed, si despu\u00e9s quieres reservar alguna sesi\u00f3n individual, puedes hacerlo, pero otros alumnos que lo han probado <strong>no han querido volver a las clases tradicionales.<\/strong><\/p>\n\n\n\n<h2 class=\"wp-block-heading has-text-align-center\"><strong>Es para ti si\u2026<\/strong><\/h2>\n\n\n\n<ul class=\"wp-block-list\">\n<li>Tienes un nivel intermedio o avanzado de espa\u00f1ol<\/li>\n\n\n\n<li>Quieres hablar con m\u00e1s fluidez y confianza<\/li>\n\n\n\n<li>No tienes tiempo ni energ\u00eda para clases semanales<\/li>\n\n\n\n<li>Necesitas una pr\u00e1ctica que se adapte a tu vida<\/li>\n\n\n\n<li>Puedes trabajar un poco cada d\u00eda<\/li>\n\n\n\n<li>Est\u00e1s dispuesto a trabajar y a ser responsable de tu progreso<\/li>\n\n\n\n<li>Te gusta tener feedback claro y \u00fatil<\/li>\n<\/ul>\n\n\n\n<h4 class=\"wp-block-heading has-text-align-center\"><strong>\ud83d\udccc \u00bfQu\u00e9 incluye el programa?<\/strong><\/h4>\n\n\n\n<ul class=\"wp-block-list\">\n<li>1 cuaderno de trabajo descargable<br><\/li>\n\n\n\n<li>6 ejercicios de audio con instrucciones y ejemplos<br><\/li>\n\n\n\n<li>Feedbacks personalizados por audio<br><\/li>\n\n\n\n<li>Acceso al canal privado de Telegram<br><\/li>\n\n\n\n<li>1 clase individual de 25 minutos en directo al finalizar<br><\/li>\n\n\n\n<li>Apoyo por mensaje durante las 3 semanas<br><\/li>\n<\/ul>\n\n\n\n<hr class=\"wp-block-separator has-alpha-channel-opacity\"\/>\n\n\n\n<p class=\"has-text-align-center has-base-background-color has-background\" style=\"font-size:35px\"><strong><em>A estas alturas ya deber\u00edas tenerlo claro&#8230; pero tienes dudas <a href=\"https:\/\/spanhola.es\/en\/contacto\/\" data-type=\"page\" data-id=\"2\">escr\u00edbeme<\/a> y te las resuelvo<\/em><\/strong><\/p>\n\n\n\n<p class=\"has-text-align-center\" style=\"font-size:37px\"><\/p>\n\n\n\n<div class=\"wp-block-buttons is-horizontal is-content-justification-center is-layout-flex wp-container-core-buttons-is-layout-499968f5 wp-block-buttons-is-layout-flex\">\n<div class=\"wp-block-button has-custom-width wp-block-button__width-75 is-style-fill\"><a class=\"wp-block-button__link has-f-97000-color has-global-color-10-background-color has-text-color has-background has-custom-font-size wp-element-button\" href=\"https:\/\/buy.stripe.com\/dRm4gzccj4px1Wr68FeEo08\" style=\"border-radius:100px;font-size:50px\"><strong>\u00a1Me apunto!<\/strong><\/a><\/div>\n<\/div>\n\n\n\n<p><\/p>\n\n\n\n<blockquote class=\"wp-block-quote is-layout-flow wp-block-quote-is-layout-flow\">\n<p><\/p>\n<\/blockquote>","protected":false},"excerpt":{"rendered":"<p>Se lo tom\u00f3 muy en serio: usaba Duolingo todos los d\u00edas, ve\u00eda todas las series en espa\u00f1ol,incluso si no eran espa\u00f1olas, las ve\u00eda dobladas. Paraba para buscar palabras, tomaba apuntes\u2026. A veces no encontraba algo en el diccionario,pero muchas veces pod\u00eda imaginar el significado por el contexto. Aprendi\u00f3 much\u00edsimo, entend\u00eda casi todo. Incluso hizo una &#8230; <a title=\"Programa chat de audio\" class=\"read-more\" href=\"https:\/\/spanhola.es\/en\/\" aria-label=\"Read more about Programa chat de audio\">Read more<\/a><\/p>","protected":false},"author":1,"featured_media":0,"parent":0,"menu_order":0,"comment_status":"closed","ping_status":"closed","template":"","meta":{"footnotes":"[]"},"class_list":["post-308","page","type-page","status-publish"],"_links":{"self":[{"href":"https:\/\/spanhola.es\/en\/wp-json\/wp\/v2\/pages\/308","targetHints":{"allow":["GET"]}}],"collection":[{"href":"https:\/\/spanhola.es\/en\/wp-json\/wp\/v2\/pages"}],"about":[{"href":"https:\/\/spanhola.es\/en\/wp-json\/wp\/v2\/types\/page"}],"author":[{"embeddable":true,"href":"https:\/\/spanhola.es\/en\/wp-json\/wp\/v2\/users\/1"}],"replies":[{"embeddable":true,"href":"https:\/\/spanhola.es\/en\/wp-json\/wp\/v2\/comments?post=308"}],"version-history":[{"count":22,"href":"https:\/\/spanhola.es\/en\/wp-json\/wp\/v2\/pages\/308\/revisions"}],"predecessor-version":[{"id":340,"href":"https:\/\/spanhola.es\/en\/wp-json\/wp\/v2\/pages\/308\/revisions\/340"}],"wp:attachment":[{"href":"https:\/\/spanhola.es\/en\/wp-json\/wp\/v2\/media?parent=308"}],"curies":[{"name":"wp","href":"https:\/\/api.w.org\/{rel}","templated":true}]}}